{"id":1038,"date":"2024-07-14T01:15:47","date_gmt":"2024-07-14T01:15:47","guid":{"rendered":"https:\/\/carectr.org\/blog\/"},"modified":"2024-08-29T03:11:17","modified_gmt":"2024-08-29T03:11:17","slug":"blog","status":"publish","type":"page","link":"https:\/\/carectr.org\/es\/blog\/","title":{"rendered":"Blog"},"content":{"rendered":"<p>[et_pb_section fb_built=\u00bb1&#8243; _builder_version=\u00bb4.25.2&#8243; _module_preset=\u00bbdefault\u00bb custom_padding=\u00bb||0px||false|false\u00bb animation_style=\u00bbslide\u00bb locked=\u00bboff\u00bb global_colors_info=\u00bb{}\u00bb][et_pb_row _builder_version=\u00bb4.25.2&#8243; _module_preset=\u00bbdefault\u00bb global_colors_info=\u00bb{}\u00bb][et_pb_column type=\u00bb4_4&#8243; _builder_version=\u00bb4.25.2&#8243; _module_preset=\u00bbdefault\u00bb global_colors_info=\u00bb{}\u00bb][et_pb_text _builder_version=\u00bb4.25.2&#8243; _module_preset=\u00bbdefault\u00bb header_font=\u00bb|800|||||||\u00bb header_text_color=\u00bb#224576&#8243; header_font_size=\u00bb42px\u00bb border_width_bottom=\u00bb4px\u00bb border_color_bottom=\u00bb#224576&#8243; global_colors_info=\u00bb{}\u00bb]<\/p>\n<h1>Blog del Centro Clinico Comunitario<\/h1>\n<p>[\/et_pb_text][\/et_pb_column][\/et_pb_row][\/et_pb_section][et_pb_section fb_built=\u00bb1&#8243; _builder_version=\u00bb4.25.2&#8243; _module_preset=\u00bbdefault\u00bb custom_padding=\u00bb29px|||||\u00bb global_colors_info=\u00bb{}\u00bb][et_pb_row _builder_version=\u00bb4.25.2&#8243; _module_preset=\u00bbdefault\u00bb global_colors_info=\u00bb{}\u00bb][et_pb_column type=\u00bb4_4&#8243; _builder_version=\u00bb4.25.2&#8243; _module_preset=\u00bbdefault\u00bb global_colors_info=\u00bb{}\u00bb][et_pb_blog fullwidth=\u00bboff\u00bb posts_number=\u00bb9&#8243; include_categories=\u00bb,all\u00bb show_author=\u00bboff\u00bb show_categories=\u00bboff\u00bb use_overlay=\u00bbon\u00bb overlay_icon_color=\u00bb#FFFFFF\u00bb hover_overlay_color=\u00bbrgba(34,69,118,0.59)\u00bb _builder_version=\u00bb4.27.0&#8243; _module_preset=\u00bbdefault\u00bb header_font=\u00bb|600|||||||\u00bb header_text_color=\u00bb#224576&#8243; header_line_height=\u00bb1.3em\u00bb meta_font=\u00bb|600||on|||||\u00bb meta_text_color=\u00bb#afafaf\u00bb hover_enabled=\u00bb0&#8243; global_colors_info=\u00bb{}\u00bb hover_icon=\u00bb=||divi||400&#8243; use_manual_excerpt=\u00bboff\u00bb excerpt_length=\u00bb0&#8243; sticky_enabled=\u00bb0&#8243;][\/et_pb_blog][\/et_pb_column][\/et_pb_row][\/et_pb_section][et_pb_section fb_built=\u00bb1&#8243; _builder_version=\u00bb4.25.2&#8243; _module_preset=\u00bbdefault\u00bb background_color=\u00bb#86c659&#8243; background_pattern_repeat_origin=\u00bbcenter\u00bb width=\u00bb101%\u00bb module_alignment=\u00bbcenter\u00bb custom_padding=\u00bb4px||0px||false|false\u00bb border_color_bottom=\u00bb#af0728&#8243; box_shadow_style=\u00bbpreset3&#8243; global_module=\u00bb197&#8243; locked=\u00bboff\u00bb global_colors_info=\u00bb{}\u00bb][et_pb_row column_structure=\u00bb1_2,1_2&#8243; _builder_version=\u00bb4.25.2&#8243; _module_preset=\u00bbdefault\u00bb width=\u00bb75%\u00bb global_colors_info=\u00bb{}\u00bb][et_pb_column type=\u00bb1_2&#8243; _builder_version=\u00bb4.25.2&#8243; _module_preset=\u00bbdefault\u00bb global_colors_info=\u00bb{}\u00bb][et_pb_image src=\u00bbhttps:\/\/carectr.org\/wp-content\/uploads\/2024\/06\/Your-Support-Matters-logo.png\u00bb alt=\u00bbTu apoyo importa gr\u00e1fico\u00bb title_text=\u00bbLogotipo de Tu apoyo importa\u00bb align=\u00bbcenter\u00bb _builder_version=\u00bb4.25.2&#8243; _module_preset=\u00bbdefault\u00bb width=\u00bb100%\u00bb global_colors_info=\u00bb{}\u00bb][\/et_pb_image][\/et_pb_column][et_pb_column type=\u00bb1_2&#8243; _builder_version=\u00bb4.25.2&#8243; _module_preset=\u00bbdefault\u00bb global_colors_info=\u00bb{}\u00bb][et_pb_button button_url=\u00bbhttp:\/\/google.com\u00bb url_new_window=\u00bbon\u00bb button_text=\u00bbHaz un donativo\u00bb button_alignment=\u00bbright\u00bb _builder_version=\u00bb4.25.2&#8243; _module_preset=\u00bbdefault\u00bb background_layout=\u00bbdark\u00bb custom_margin=\u00bb18px||||false|false\u00bb global_colors_info=\u00bb{}\u00bb][\/et_pb_button][\/et_pb_column][\/et_pb_row][\/et_pb_section][et_pb_section fb_built=\u00bb1&#8243; _builder_version=\u00bb4.25.2&#8243; background_color=\u00bb#224576&#8243; use_background_color_gradient=\u00bbon\u00bb background_color_gradient_stops=\u00bb#224576 0%|#334b97 100%\u00bb custom_padding=\u00bb||0px||false|false\u00bb global_module=\u00bb195&#8243; locked=\u00bboff\u00bb global_colors_info=\u00bb{}\u00bb][et_pb_row _builder_version=\u00bb4.16&#8243; background_size=\u00bbinitial\u00bb background_position=\u00bbtop_left\u00bb background_repeat=\u00bbrepeat\u00bb global_colors_info=\u00bb{}\u00bb][et_pb_column type=\u00bb4_4&#8243; _builder_version=\u00bb4.25.2&#8243; _module_preset=\u00bbdefault\u00bb global_colors_info=\u00bb{}\u00bb][et_pb_image src=\u00bbhttps:\/\/carectr.org\/wp-content\/uploads\/2024\/08\/CCC-Footer-Logo2.png\u00bb alt=\u00bbLogotipo del Centro Clinico Comunitario\u00bb title_text=\u00bbCCC Logotipo de pie de p\u00e1gina2&#8243; _builder_version=\u00bb4.27.0&#8243; _module_preset=\u00bbdefault\u00bb width=\u00bb75%\u00bb module_alignment=\u00bbcenter\u00bb global_colors_info=\u00bb{}\u00bb][\/et_pb_image][\/et_pb_column][\/et_pb_row][et_pb_row column_structure=\u00bb1_2,1_2&#8243; _builder_version=\u00bb4.25.2&#8243; background_size=\u00bbinitial\u00bb background_position=\u00bbtop_left\u00bb background_repeat=\u00bbrepeat\u00bb width=\u00bb60%\u00bb module_alignment=\u00bbcenter\u00bb global_colors_info=\u00bb{}\u00bb][et_pb_column type=\u00bb1_2&#8243; _builder_version=\u00bb4.25.2&#8243; _module_preset=\u00bbdefault\u00bb global_colors_info=\u00bb{}\u00bb][et_pb_text _builder_version=\u00bb4.25.2&#8243; _module_preset=\u00bbdefault\u00bb text_text_color=\u00bb#FFFFFF\u00bb text_font_size=\u00bb16px\u00bb link_font=\u00bb||||on|||#FFFFFF|\u00bb link_text_color=\u00bb#FFFFFF\u00bb global_colors_info=\u00bb{}\u00bb]<\/p>\n<p style=\"text-align: left;\"><strong>Centro Clinico Comunitario<\/strong><br \/>2135 New Walkertown Road,<br \/>Winston-Salem, NC 27101<br \/><a href=\"https:\/\/maps.app.goo.gl\/nn2VHZkkPsthbooH7\" target=\"_blank\" rel=\"noopener\">Ver en Google Maps<\/a><\/p>\n<p style=\"text-align: left;\"><strong>Horas de operaci\u00f3n<\/strong><br \/>Lunes y Jueves 9AM &#8211; 9PM<br \/>Martes y Mi\u00e9rcoles 9AM &#8211; 5PM<br \/>Viernes, S\u00e1bado y Domingo Cerrado<\/p>\n<p>[\/et_pb_text][\/et_pb_column][et_pb_column type=\u00bb1_2&#8243; _builder_version=\u00bb4.25.2&#8243; _module_preset=\u00bbdefault\u00bb global_colors_info=\u00bb{}\u00bb][et_pb_text _builder_version=\u00bb4.25.2&#8243; _module_preset=\u00bbdefault\u00bb text_text_color=\u00bb#FFFFFF\u00bb text_font_size=\u00bb16px\u00bb link_font=\u00bb||||on|||#FFFFFF|\u00bb link_text_color=\u00bb#FFFFFF\u00bb global_colors_info=\u00bb{}\u00bb]<\/p>\n<p style=\"text-align: left;\"><strong>Tel\u00e9fono<\/strong><br \/>(336) 723-7904 (ingl\u00e9s y espa\u00f1ol)<\/p>\n<p style=\"text-align: left;\"><strong>Fax<\/strong><br \/>(336) 723-4163<\/p>\n<p style=\"text-align: left;\"><strong>Correo electr\u00f3nico<\/strong><br \/><a href=\"mailto:info@carectr.org\">info@carectr.org<\/a><\/p>\n<p>[\/et_pb_text][et_pb_social_media_follow icon_color=\u00bb#FFFFFF\u00bb _builder_version=\u00bb4.27.0&#8243; _module_preset=\u00bbdefault\u00bb global_colors_info=\u00bb{}\u00bb][et_pb_social_media_follow_network social_network=\u00bbfacebook\u00bb url=\u00bbhttps:\/\/www.facebook.com\/CommunityCareCtr\u00bb icon_color=\u00bb#334B97&#8243; _builder_version=\u00bb4.27.0&#8243; _module_preset=\u00bbdefault\u00bb background_color=\u00bb#FFFFFF\u00bb background_enable_color=\u00bbon\u00bb global_colors_info=\u00bb{}\u00bb icon_color__hover_enabled=\u00bbon|hover\u00bb follow_button=\u00bboff\u00bb url_new_window=\u00bbon\u00bb icon_color__hover=\u00bb#334B97&#8243;]facebook[\/et_pb_social_media_follow_network][et_pb_social_media_follow_network social_network=\u00bblinkedin\u00bb url=\u00bbhttps:\/\/www.linkedin.com\/company\/33256013\/admin\/feed\/posts\/\u00bb icon_color=\u00bb#334B97&#8243; _builder_version=\u00bb4.27.0&#8243; _module_preset=\u00bbdefault\u00bb background_color=\u00bb#FFFFFF\u00bb background_enable_color=\u00bbon\u00bb global_colors_info=\u00bb{}\u00bb follow_button=\u00bboff\u00bb url_new_window=\u00bbon\u00bb]linkedin[\/et_pb_social_media_follow_network][et_pb_social_media_follow_network social_network=\u00bbinstagram\u00bb url=\u00bbhttps:\/\/www.instagram.com\/community_care_center_forsyth\/\u00bb icon_color=\u00bb#334B97&#8243; _builder_version=\u00bb4.27.0&#8243; _module_preset=\u00bbdefault\u00bb background_color=\u00bb#FFFFFF\u00bb background_enable_color=\u00bbon\u00bb global_colors_info=\u00bb{}\u00bb follow_button=\u00bboff\u00bb url_new_window=\u00bbon\u00bb]instagram[\/et_pb_social_media_follow_network][\/et_pb_social_media_follow][\/et_pb_column][\/et_pb_row][et_pb_row _builder_version=\u00bb4.25.2&#8243; _module_preset=\u00bbdefault\u00bb background_color=\u00bb#1e3f6d\u00bb width=\u00bb100%\u00bb custom_margin=\u00bb29px|auto||auto||\u00bb global_colors_info=\u00bb{}\u00bb][et_pb_column type=\u00bb4_4&#8243; _builder_version=\u00bb4.25.2&#8243; _module_preset=\u00bbdefault\u00bb global_colors_info=\u00bb{}\u00bb][et_pb_text _builder_version=\u00bb4.25.2&#8243; _module_preset=\u00bbdefault\u00bb text_text_color=\u00bb#FFFFFF\u00bb link_font=\u00bb||||on||||\u00bb link_text_color=\u00bb#FFFFFF\u00bb width=\u00bb75%\u00bb module_alignment=\u00bbcenter\u00bb global_colors_info=\u00bb{}\u00bb]<\/p>\n<p style=\"text-align: center;\">2024 Centro Clinico Comunitario. Reservados todos los derechos. Dise\u00f1o de sitio web por <a href=\"mailto:tyler.davis.sparks@gmail.com\" target=\"_blank\" rel=\"noopener\">Tyler Sparks<\/a>.  <\/p>\n<p>[\/et_pb_text][\/et_pb_column][\/et_pb_row][\/et_pb_section]<\/p>\n","protected":false},"excerpt":{"rendered":"<p>Blog del Centro Clinico ComunitarioCentro Clinico Comunitario2135 New Walkertown Road,Winston-Salem, NC 27101Ver en Google Maps Horas de operaci\u00f3nLunes y Jueves 9AM &#8211; 9PMMartes y Mi\u00e9rcoles 9AM &#8211; 5PMViernes, S\u00e1bado y Domingo CerradoTel\u00e9fono(336) 723-7904 (ingl\u00e9s y espa\u00f1ol) Fax(336) 723-4163 Correo electr\u00f3nicoinfo@carectr.org2024 Centro Clinico Comunitario. Reservados todos los derechos. Dise\u00f1o de sitio web por Tyler Sparks.<\/p>\n","protected":false},"author":2,"featured_media":0,"parent":0,"menu_order":0,"comment_status":"closed","ping_status":"closed","template":"","meta":{"_et_pb_use_builder":"on","_et_pb_old_content":"","_et_gb_content_width":"","_coblocks_attr":"","_coblocks_dimensions":"","_coblocks_responsive_height":"","_coblocks_accordion_ie_support":"","footnotes":""},"class_list":["post-1038","page","type-page","status-publish","hentry"],"yoast_head":"<!-- This site is optimized with the Yoast SEO plugin v27.6 - https:\/\/yoast.com\/product\/yoast-seo-wordpress\/ -->\n<title>Blog - Community Care Center<\/title>\n<meta name=\"robots\" content=\"index, follow, max-snippet:-1, max-image-preview:large, max-video-preview:-1\" \/>\n<link rel=\"canonical\" href=\"https:\/\/carectr.org\/es\/blog\/\" \/>\n<meta property=\"og:locale\" content=\"es_ES\" \/>\n<meta property=\"og:type\" content=\"article\" \/>\n<meta property=\"og:title\" content=\"Blog - Community Care Center\" \/>\n<meta property=\"og:description\" content=\"Blog del Centro Clinico ComunitarioCentro Clinico Comunitario2135 New Walkertown Road,Winston-Salem, NC 27101Ver en Google Maps Horas de operaci\u00f3nLunes y Jueves 9AM - 9PMMartes y Mi\u00e9rcoles 9AM - 5PMViernes, S\u00e1bado y Domingo CerradoTel\u00e9fono(336) 723-7904 (ingl\u00e9s y espa\u00f1ol) Fax(336) 723-4163 Correo electr\u00f3nicoinfo@carectr.org2024 Centro Clinico Comunitario. Reservados todos los derechos. Dise\u00f1o de sitio web por Tyler Sparks.\" \/>\n<meta property=\"og:url\" content=\"https:\/\/carectr.org\/es\/blog\/\" \/>\n<meta property=\"og:site_name\" content=\"Community Care Center\" \/>\n<meta property=\"article:modified_time\" content=\"2024-08-29T03:11:17+00:00\" \/>\n<meta name=\"twitter:card\" content=\"summary_large_image\" \/>\n<meta name=\"twitter:label1\" content=\"Tiempo de lectura\" \/>\n\t<meta name=\"twitter:data1\" content=\"5 minutos\" \/>\n<script type=\"application\/ld+json\" class=\"yoast-schema-graph\">{\"@context\":\"https:\\\/\\\/schema.org\",\"@graph\":[{\"@type\":\"WebPage\",\"@id\":\"https:\\\/\\\/carectr.org\\\/es\\\/blog\\\/\",\"url\":\"https:\\\/\\\/carectr.org\\\/es\\\/blog\\\/\",\"name\":\"Blog - Community Care Center\",\"isPartOf\":{\"@id\":\"https:\\\/\\\/carectr.org\\\/es\\\/#website\"},\"datePublished\":\"2024-07-14T01:15:47+00:00\",\"dateModified\":\"2024-08-29T03:11:17+00:00\",\"breadcrumb\":{\"@id\":\"https:\\\/\\\/carectr.org\\\/es\\\/blog\\\/#breadcrumb\"},\"inLanguage\":\"es\",\"potentialAction\":[{\"@type\":\"ReadAction\",\"target\":[\"https:\\\/\\\/carectr.org\\\/es\\\/blog\\\/\"]}]},{\"@type\":\"BreadcrumbList\",\"@id\":\"https:\\\/\\\/carectr.org\\\/es\\\/blog\\\/#breadcrumb\",\"itemListElement\":[{\"@type\":\"ListItem\",\"position\":1,\"name\":\"Home\",\"item\":\"https:\\\/\\\/carectr.org\\\/es\\\/hogar\\\/\"},{\"@type\":\"ListItem\",\"position\":2,\"name\":\"Blog\"}]},{\"@type\":\"WebSite\",\"@id\":\"https:\\\/\\\/carectr.org\\\/es\\\/#website\",\"url\":\"https:\\\/\\\/carectr.org\\\/es\\\/\",\"name\":\"Community Care Center\",\"description\":\"Serving Forsyth, Davie, and Stokes Counties North Carolina\",\"potentialAction\":[{\"@type\":\"SearchAction\",\"target\":{\"@type\":\"EntryPoint\",\"urlTemplate\":\"https:\\\/\\\/carectr.org\\\/es\\\/?s={search_term_string}\"},\"query-input\":{\"@type\":\"PropertyValueSpecification\",\"valueRequired\":true,\"valueName\":\"search_term_string\"}}],\"inLanguage\":\"es\"}]}<\/script>\n<!-- \/ Yoast SEO plugin. -->","yoast_head_json":{"title":"Blog - Community Care Center","robots":{"index":"index","follow":"follow","max-snippet":"max-snippet:-1","max-image-preview":"max-image-preview:large","max-video-preview":"max-video-preview:-1"},"canonical":"https:\/\/carectr.org\/es\/blog\/","og_locale":"es_ES","og_type":"article","og_title":"Blog - Community Care Center","og_description":"Blog del Centro Clinico ComunitarioCentro Clinico Comunitario2135 New Walkertown Road,Winston-Salem, NC 27101Ver en Google Maps Horas de operaci\u00f3nLunes y Jueves 9AM - 9PMMartes y Mi\u00e9rcoles 9AM - 5PMViernes, S\u00e1bado y Domingo CerradoTel\u00e9fono(336) 723-7904 (ingl\u00e9s y espa\u00f1ol) Fax(336) 723-4163 Correo electr\u00f3nicoinfo@carectr.org2024 Centro Clinico Comunitario. Reservados todos los derechos. Dise\u00f1o de sitio web por Tyler Sparks.","og_url":"https:\/\/carectr.org\/es\/blog\/","og_site_name":"Community Care Center","article_modified_time":"2024-08-29T03:11:17+00:00","twitter_card":"summary_large_image","twitter_misc":{"Tiempo de lectura":"5 minutos"},"schema":{"@context":"https:\/\/schema.org","@graph":[{"@type":"WebPage","@id":"https:\/\/carectr.org\/es\/blog\/","url":"https:\/\/carectr.org\/es\/blog\/","name":"Blog - Community Care Center","isPartOf":{"@id":"https:\/\/carectr.org\/es\/#website"},"datePublished":"2024-07-14T01:15:47+00:00","dateModified":"2024-08-29T03:11:17+00:00","breadcrumb":{"@id":"https:\/\/carectr.org\/es\/blog\/#breadcrumb"},"inLanguage":"es","potentialAction":[{"@type":"ReadAction","target":["https:\/\/carectr.org\/es\/blog\/"]}]},{"@type":"BreadcrumbList","@id":"https:\/\/carectr.org\/es\/blog\/#breadcrumb","itemListElement":[{"@type":"ListItem","position":1,"name":"Home","item":"https:\/\/carectr.org\/es\/hogar\/"},{"@type":"ListItem","position":2,"name":"Blog"}]},{"@type":"WebSite","@id":"https:\/\/carectr.org\/es\/#website","url":"https:\/\/carectr.org\/es\/","name":"Community Care Center","description":"Serving Forsyth, Davie, and Stokes Counties North Carolina","potentialAction":[{"@type":"SearchAction","target":{"@type":"EntryPoint","urlTemplate":"https:\/\/carectr.org\/es\/?s={search_term_string}"},"query-input":{"@type":"PropertyValueSpecification","valueRequired":true,"valueName":"search_term_string"}}],"inLanguage":"es"}]}},"_links":{"self":[{"href":"https:\/\/carectr.org\/es\/wp-json\/wp\/v2\/pages\/1038","targetHints":{"allow":["GET"]}}],"collection":[{"href":"https:\/\/carectr.org\/es\/wp-json\/wp\/v2\/pages"}],"about":[{"href":"https:\/\/carectr.org\/es\/wp-json\/wp\/v2\/types\/page"}],"author":[{"embeddable":true,"href":"https:\/\/carectr.org\/es\/wp-json\/wp\/v2\/users\/2"}],"replies":[{"embeddable":true,"href":"https:\/\/carectr.org\/es\/wp-json\/wp\/v2\/comments?post=1038"}],"version-history":[{"count":2,"href":"https:\/\/carectr.org\/es\/wp-json\/wp\/v2\/pages\/1038\/revisions"}],"predecessor-version":[{"id":1040,"href":"https:\/\/carectr.org\/es\/wp-json\/wp\/v2\/pages\/1038\/revisions\/1040"}],"wp:attachment":[{"href":"https:\/\/carectr.org\/es\/wp-json\/wp\/v2\/media?parent=1038"}],"curies":[{"name":"wp","href":"https:\/\/api.w.org\/{rel}","templated":true}]}}